{"id":1170,"date":"2019-09-17T16:05:14","date_gmt":"2019-09-17T14:05:14","guid":{"rendered":"https:\/\/kasperlundpezi.at\/?page_id=1170"},"modified":"2025-05-06T18:30:43","modified_gmt":"2025-05-06T16:30:43","slug":"impressum","status":"publish","type":"page","link":"https:\/\/kasperlundpezi.at\/?page_id=1170","title":{"rendered":"Impressum"},"content":{"rendered":"<h1>Impressum<\/h1>\n<h4>F\u00fcr den Inhalt verantwortlich \/ Verpflichtende Angaben nach dem ECG<\/h4>\n<p>Kasperl und Pezi Gmb<span style=\"font-size: 14px;\"><span dir=\"ltr\">H<br \/>\nTaborstra\u00dfe 10\/2<\/span><\/span><span style=\"font-size: 14px;\">\/Top 6<\/span><span style=\"font-size: 14px;\"><br \/>\n1020 Wien<\/span><br \/>\nTel.: 0664 538 01 02<br \/>\nMail:\u00a0<a href=\"mailto:kasperl@kasperlundpezi.at\">kasperl@kasperlundpezi.at<\/a><br \/>\nInternet:\u00a0<a href=\"http:\/\/www.kasperlundpezi.at\/\">www.kasperlundpezi.at<\/a><br \/>\nGesch\u00e4ftsf\u00fchrer: Emanuel Rudas<\/p>\n<p>FN 74238 HG Wien<\/p>\n<p>Alle Angebote sind freibleibend und unverbindlich. Der Autor beh\u00e4lt es sich ausdr\u00fccklich vor, Teile der Seiten oder das gesamte Angebot ohne gesonderte Ank\u00fcndigung zu ver\u00e4ndern, zu erg\u00e4nzen, zu l\u00f6schen oder die Ver\u00f6ffentlichung zeitweise oder endg\u00fcltig einzustellen.<\/p>\n<p>Bei Unklarheiten oder Schwierigkeiten setzen Sie sich bitte \u00fcber die E-Mail-Adresse\u00a0<a href=\"mailto:kasperl@kasperlundpezi.at\">kasperl@kasperlundpezi.at<\/a>\u00a0mit uns in Verbindung.<\/p>\n","protected":false},"excerpt":{"rendered":"<p>Impressum F\u00fcr den Inhalt verantwortlich \/ Verpflichtende Angaben nach dem ECG Kasperl und Pezi GmbH Taborstra\u00dfe 10\/2\/Top 6 1020 Wien Tel.: 0664 538 01 02 Mail:\u00a0kasperl@kasperlundpezi.at Internet:\u00a0www.kasperlundpezi.at Gesch\u00e4ftsf\u00fchrer: Emanuel Rudas [&hellip;]<\/p>\n","protected":false},"author":159374647,"featured_media":0,"parent":0,"menu_order":0,"comment_status":"closed","ping_status":"closed","template":"","meta":{"_monsterinsights_skip_tracking":false,"_monsterinsights_sitenote_active":false,"_monsterinsights_sitenote_note":"","_monsterinsights_sitenote_category":0,"advanced_seo_description":"","jetpack_seo_html_title":"","jetpack_seo_noindex":false,"footnotes":""},"class_list":["post-1170","page","type-page","status-publish","hentry"],"jetpack_likes_enabled":false,"jetpack_sharing_enabled":false,"jetpack_shortlink":"https:\/\/wp.me\/Pb4qAY-iS","jetpack-related-posts":[],"_links":{"self":[{"href":"https:\/\/kasperlundpezi.at\/index.php?rest_route=\/wp\/v2\/pages\/1170","targetHints":{"allow":["GET"]}}],"collection":[{"href":"https:\/\/kasperlundpezi.at\/index.php?rest_route=\/wp\/v2\/pages"}],"about":[{"href":"https:\/\/kasperlundpezi.at\/index.php?rest_route=\/wp\/v2\/types\/page"}],"author":[{"embeddable":true,"href":"https:\/\/kasperlundpezi.at\/index.php?rest_route=\/wp\/v2\/users\/159374647"}],"replies":[{"embeddable":true,"href":"https:\/\/kasperlundpezi.at\/index.php?rest_route=%2Fwp%2Fv2%2Fcomments&post=1170"}],"version-history":[{"count":1,"href":"https:\/\/kasperlundpezi.at\/index.php?rest_route=\/wp\/v2\/pages\/1170\/revisions"}],"predecessor-version":[{"id":15265,"href":"https:\/\/kasperlundpezi.at\/index.php?rest_route=\/wp\/v2\/pages\/1170\/revisions\/15265"}],"wp:attachment":[{"href":"https:\/\/kasperlundpezi.at\/index.php?rest_route=%2Fwp%2Fv2%2Fmedia&parent=1170"}],"curies":[{"name":"wp","href":"https:\/\/api.w.org\/{rel}","templated":true}]}}