{"id":15877,"date":"2025-11-12T17:46:07","date_gmt":"2025-11-12T16:46:07","guid":{"rendered":"https:\/\/kasperlundpezi.at\/?post_type=product&#038;p=15877"},"modified":"2025-11-17T11:02:40","modified_gmt":"2025-11-17T10:02:40","slug":"limited-edition-t-shirt-zum-jubilaeum","status":"publish","type":"product","link":"https:\/\/kasperlundpezi.at\/?product=limited-edition-t-shirt-zum-jubilaeum","title":{"rendered":"Limited Edition: T-Shirt"},"content":{"rendered":"<p>Rechtzeitig zu unserem Jubil\u00e4um &amp; auf vielfachem Wunsch: unser Geburtstagsbild als T-Shirt! Nicht nur f\u00fcr 75-J\u00e4hrige.<\/p>\n<p>Nat\u00fcrlich fair produziert und aus zertifizierter Bio-Baumwolle.<\/p>\n<p>&nbsp;<\/p>\n","protected":false},"excerpt":{"rendered":"<p><strong>BESCHREIBUNG<\/strong><\/p>\n<p>Set-In \u00c4rmel<br \/>\n1&#215;1-Ripp am Kragen<br \/>\nNackenband innen aus Selbststoff<br \/>\nEnge Doppelnaht-Steppnaht an \u00c4rmelb\u00fcndchen und Saum<\/p>\n<p><strong>ZUSAMMENSETZUNG<\/strong><\/p>\n<p>Shell: Singlejersey, 100\u202f% Baumwolle \u2013 Organic Ring Spun Combed, Vorgewaschen<\/p>\n","protected":false},"featured_media":15894,"template":"","meta":{"_monsterinsights_skip_tracking":false,"_monsterinsights_sitenote_active":false,"_monsterinsights_sitenote_note":"","_monsterinsights_sitenote_category":0,"advanced_seo_description":"","jetpack_seo_html_title":"","jetpack_seo_noindex":false,"jetpack_publicize_message":"","jetpack_publicize_feature_enabled":true,"jetpack_social_post_already_shared":true,"jetpack_social_options":{"image_generator_settings":{"template":"highway","default_image_id":0,"font":"","enabled":false},"version":2},"_wpas_customize_per_network":false},"product_brand":[],"product_cat":[52],"product_tag":[],"class_list":{"0":"post-15877","1":"product","2":"type-product","3":"status-publish","4":"has-post-thumbnail","6":"product_cat-kleidung-accessoires","8":"first","9":"instock","10":"taxable","11":"shipping-taxable","12":"purchasable","13":"product-type-variable"},"jetpack_publicize_connections":[],"jetpack_likes_enabled":false,"jetpack_sharing_enabled":true,"jetpack-related-posts":[],"_links":{"self":[{"href":"https:\/\/kasperlundpezi.at\/index.php?rest_route=\/wp\/v2\/product\/15877","targetHints":{"allow":["GET"]}}],"collection":[{"href":"https:\/\/kasperlundpezi.at\/index.php?rest_route=\/wp\/v2\/product"}],"about":[{"href":"https:\/\/kasperlundpezi.at\/index.php?rest_route=\/wp\/v2\/types\/product"}],"wp:featuredmedia":[{"embeddable":true,"href":"https:\/\/kasperlundpezi.at\/index.php?rest_route=\/wp\/v2\/media\/15894"}],"wp:attachment":[{"href":"https:\/\/kasperlundpezi.at\/index.php?rest_route=%2Fwp%2Fv2%2Fmedia&parent=15877"}],"wp:term":[{"taxonomy":"product_brand","embeddable":true,"href":"https:\/\/kasperlundpezi.at\/index.php?rest_route=%2Fwp%2Fv2%2Fproduct_brand&post=15877"},{"taxonomy":"product_cat","embeddable":true,"href":"https:\/\/kasperlundpezi.at\/index.php?rest_route=%2Fwp%2Fv2%2Fproduct_cat&post=15877"},{"taxonomy":"product_tag","embeddable":true,"href":"https:\/\/kasperlundpezi.at\/index.php?rest_route=%2Fwp%2Fv2%2Fproduct_tag&post=15877"}],"curies":[{"name":"wp","href":"https:\/\/api.w.org\/{rel}","templated":true}]}}