{"id":1949,"date":"2024-10-03T10:08:22","date_gmt":"2024-10-03T08:08:22","guid":{"rendered":"https:\/\/kasperlundpezi.at\/?post_type=product&#038;p=1949"},"modified":"2024-10-03T10:08:36","modified_gmt":"2024-10-03T08:08:36","slug":"andre-heller-tullios-geburtstag","status":"publish","type":"product","link":"https:\/\/kasperlundpezi.at\/?product=andre-heller-tullios-geburtstag","title":{"rendered":"Andr\u00e9 Heller: Tullios Geburtstag"},"content":{"rendered":"","protected":false},"excerpt":{"rendered":"<p>\u201eEine Trostgeschichte im Wirrwarr unserer Zeit\u201c \u2013 von Wortjongleur Andr\u00e9 Heller!<\/p>\n<p>Der sch\u00f6nste Tag des Jahres ist f\u00fcr Tullio sein Geburtstag. Da bekommt er von seinen Eltern ein Fest geschenkt. Seine liebsten Freundinnen und Freunde darf er dazu einladen, und die ganze Wohnung wird geschm\u00fcckt. Am wichtigsten aber ist, dass die G\u00e4ste aufs originellste kost\u00fcmiert erscheinen. Diesmal jedoch ist alles anders. Wegen einer Krankheit, sagt sein Vater, die die ganze Welt durcheinanderbringt, k\u00f6nne das Fest nicht stattfinden. Tullio f\u00fchlt sich von allen guten Geistern verlassen. Doch die f\u00fcr Schlafabenteuer zust\u00e4ndige Nachtpr\u00e4sidentin beratschlagt sich mit den Feen und Luftgenien und schickt Tullio eine Parade von fantastischen Wesen, die \u00fcber Nacht aus ihm das gl\u00fccklichste Kind machen.<\/p>\n<p>Seilt\u00e4nzer, Feuerspucker, Schattenspieler, die exotischsten Tiere und Pflanzen werden von Ma\u00eft\u00e9 Kalita, Esther Martens und dem Wortjongleur Andr\u00e9 Heller versammelt.<\/p>\n<p>40 Seiten, gebunden.<\/p>\n","protected":false},"featured_media":1970,"template":"","meta":{"_monsterinsights_skip_tracking":false,"_monsterinsights_sitenote_active":false,"_monsterinsights_sitenote_note":"","_monsterinsights_sitenote_category":0,"advanced_seo_description":"","jetpack_seo_html_title":"","jetpack_seo_noindex":false,"jetpack_publicize_message":"","jetpack_publicize_feature_enabled":true,"jetpack_social_post_already_shared":true,"jetpack_social_options":{"image_generator_settings":{"template":"highway","default_image_id":0,"font":"","enabled":false},"version":2},"_wpas_customize_per_network":false},"product_brand":[],"product_cat":[54],"product_tag":[],"class_list":{"0":"post-1949","1":"product","2":"type-product","3":"status-publish","4":"has-post-thumbnail","6":"product_cat-buecher","8":"first","9":"instock","10":"taxable","11":"shipping-taxable","12":"purchasable","13":"product-type-simple"},"jetpack_publicize_connections":[],"jetpack_likes_enabled":false,"jetpack_sharing_enabled":false,"jetpack-related-posts":[],"_links":{"self":[{"href":"https:\/\/kasperlundpezi.at\/index.php?rest_route=\/wp\/v2\/product\/1949","targetHints":{"allow":["GET"]}}],"collection":[{"href":"https:\/\/kasperlundpezi.at\/index.php?rest_route=\/wp\/v2\/product"}],"about":[{"href":"https:\/\/kasperlundpezi.at\/index.php?rest_route=\/wp\/v2\/types\/product"}],"wp:featuredmedia":[{"embeddable":true,"href":"https:\/\/kasperlundpezi.at\/index.php?rest_route=\/wp\/v2\/media\/1970"}],"wp:attachment":[{"href":"https:\/\/kasperlundpezi.at\/index.php?rest_route=%2Fwp%2Fv2%2Fmedia&parent=1949"}],"wp:term":[{"taxonomy":"product_brand","embeddable":true,"href":"https:\/\/kasperlundpezi.at\/index.php?rest_route=%2Fwp%2Fv2%2Fproduct_brand&post=1949"},{"taxonomy":"product_cat","embeddable":true,"href":"https:\/\/kasperlundpezi.at\/index.php?rest_route=%2Fwp%2Fv2%2Fproduct_cat&post=1949"},{"taxonomy":"product_tag","embeddable":true,"href":"https:\/\/kasperlundpezi.at\/index.php?rest_route=%2Fwp%2Fv2%2Fproduct_tag&post=1949"}],"curies":[{"name":"wp","href":"https:\/\/api.w.org\/{rel}","templated":true}]}}