{"id":1975,"date":"2024-10-03T10:08:39","date_gmt":"2024-10-03T08:08:39","guid":{"rendered":"https:\/\/kasperlundpezi.at\/?post_type=product&#038;p=1975"},"modified":"2024-10-03T10:08:41","modified_gmt":"2024-10-03T08:08:41","slug":"lalobe","status":"publish","type":"product","link":"https:\/\/kasperlundpezi.at\/?product=lalobe","title":{"rendered":"Lalobe"},"content":{"rendered":"<p>Lalobe ist die kleine Tochter von Dagobert. Beide Drachen leben in einer kuscheligen H\u00f6hle mitten im M\u00e4rchenwald und sind gute Freunde von Kasperl und Pezi. Handgefertigt in der Tschechischen Republik.<\/p>\n<p>Unsere brandneuen Puppen werden von einem Traditionsbetrieb in Europa hergestellt. Liebevoll per Hand gestaltet und geeignet f\u00fcr jung &amp; alt!<\/p>\n<p>Gr\u00f6\u00dfe 51 cm. Nicht geeignet f\u00fcr Kinder unter 3 Jahren, enth\u00e4lt Kleinteile, Erstickungsgefahr.<\/p>\n","protected":false},"excerpt":{"rendered":"<p>Lalobe ist die kleine Tochter von Dagobert. Beide Drachen leben in einer kuscheligen H\u00f6hle mitten im M\u00e4rchenwald und sind gute Freunde von Kasperl und Pezi. Handgefertigt in der Tschechischen Republik.<\/p>\n<p>Unsere brandneuen Puppen werden von einem Traditionsbetrieb in Europa hergestellt. Liebevoll per Hand gestaltet und geeignet f\u00fcr jung &amp; alt!<\/p>\n<p>Gr\u00f6\u00dfe 51 cm. Nicht geeignet f\u00fcr Kinder unter 3 Jahren, enth\u00e4lt Kleinteile, Erstickungsgefahr.<\/p>\n","protected":false},"featured_media":1983,"template":"","meta":{"_monsterinsights_skip_tracking":false,"_monsterinsights_sitenote_active":false,"_monsterinsights_sitenote_note":"","_monsterinsights_sitenote_category":0,"advanced_seo_description":"","jetpack_seo_html_title":"","jetpack_seo_noindex":false,"jetpack_publicize_message":"","jetpack_publicize_feature_enabled":true,"jetpack_social_post_already_shared":true,"jetpack_social_options":{"image_generator_settings":{"template":"highway","default_image_id":0,"font":"","enabled":false},"version":2},"_wpas_customize_per_network":false},"product_brand":[],"product_cat":[53],"product_tag":[],"class_list":{"0":"post-1975","1":"product","2":"type-product","3":"status-publish","4":"has-post-thumbnail","6":"product_cat-puppen","8":"first","9":"instock","10":"taxable","11":"shipping-taxable","12":"purchasable","13":"product-type-simple"},"jetpack_publicize_connections":[],"jetpack_likes_enabled":false,"jetpack_sharing_enabled":false,"jetpack-related-posts":[],"_links":{"self":[{"href":"https:\/\/kasperlundpezi.at\/index.php?rest_route=\/wp\/v2\/product\/1975","targetHints":{"allow":["GET"]}}],"collection":[{"href":"https:\/\/kasperlundpezi.at\/index.php?rest_route=\/wp\/v2\/product"}],"about":[{"href":"https:\/\/kasperlundpezi.at\/index.php?rest_route=\/wp\/v2\/types\/product"}],"wp:featuredmedia":[{"embeddable":true,"href":"https:\/\/kasperlundpezi.at\/index.php?rest_route=\/wp\/v2\/media\/1983"}],"wp:attachment":[{"href":"https:\/\/kasperlundpezi.at\/index.php?rest_route=%2Fwp%2Fv2%2Fmedia&parent=1975"}],"wp:term":[{"taxonomy":"product_brand","embeddable":true,"href":"https:\/\/kasperlundpezi.at\/index.php?rest_route=%2Fwp%2Fv2%2Fproduct_brand&post=1975"},{"taxonomy":"product_cat","embeddable":true,"href":"https:\/\/kasperlundpezi.at\/index.php?rest_route=%2Fwp%2Fv2%2Fproduct_cat&post=1975"},{"taxonomy":"product_tag","embeddable":true,"href":"https:\/\/kasperlundpezi.at\/index.php?rest_route=%2Fwp%2Fv2%2Fproduct_tag&post=1975"}],"curies":[{"name":"wp","href":"https:\/\/api.w.org\/{rel}","templated":true}]}}